{"id":935,"date":"2025-04-28T07:28:52","date_gmt":"2025-04-28T05:28:52","guid":{"rendered":"https:\/\/www.trumhaket.se\/?post_type=product&#038;p=935"},"modified":"2025-08-14T12:54:33","modified_gmt":"2025-08-14T10:54:33","slug":"worldmax-sejarmatta-14-20-strangar","status":"publish","type":"product","link":"https:\/\/www.trumhaket.se\/?product=worldmax-sejarmatta-14-20-strangar","title":{"rendered":"WorldMax sejarmatta 14\u201d\/20 str\u00e4ngar 149kr"},"content":{"rendered":"<p>Bra matta till bra pris. Sn\u00f6ren och plastband medf\u00f6ljer.<\/p>\n","protected":false},"excerpt":{"rendered":"<p>149kr<\/p>\n","protected":false},"featured_media":1924,"comment_status":"open","ping_status":"closed","template":"","meta":{"_kadence_starter_templates_imported_post":false,"_kad_post_transparent":"","_kad_post_title":"","_kad_post_layout":"","_kad_post_sidebar_id":"","_kad_post_content_style":"","_kad_post_vertical_padding":"","_kad_post_feature":"","_kad_post_feature_position":"","_kad_post_header":false,"_kad_post_footer":false,"_kad_post_classname":""},"product_brand":[],"product_cat":[18,28],"product_tag":[],"class_list":{"0":"post-935","1":"product","2":"type-product","3":"status-publish","4":"has-post-thumbnail","6":"product_cat-alla-produkter","7":"product_cat-reservdelar","9":"first","10":"instock","11":"virtual","12":"product-type-simple","13":"entry","14":"content-bg","15":"loop-entry"},"_links":{"self":[{"href":"https:\/\/www.trumhaket.se\/index.php?rest_route=\/wp\/v2\/product\/935","targetHints":{"allow":["GET"]}}],"collection":[{"href":"https:\/\/www.trumhaket.se\/index.php?rest_route=\/wp\/v2\/product"}],"about":[{"href":"https:\/\/www.trumhaket.se\/index.php?rest_route=\/wp\/v2\/types\/product"}],"replies":[{"embeddable":true,"href":"https:\/\/www.trumhaket.se\/index.php?rest_route=%2Fwp%2Fv2%2Fcomments&post=935"}],"wp:featuredmedia":[{"embeddable":true,"href":"https:\/\/www.trumhaket.se\/index.php?rest_route=\/wp\/v2\/media\/1924"}],"wp:attachment":[{"href":"https:\/\/www.trumhaket.se\/index.php?rest_route=%2Fwp%2Fv2%2Fmedia&parent=935"}],"wp:term":[{"taxonomy":"product_brand","embeddable":true,"href":"https:\/\/www.trumhaket.se\/index.php?rest_route=%2Fwp%2Fv2%2Fproduct_brand&post=935"},{"taxonomy":"product_cat","embeddable":true,"href":"https:\/\/www.trumhaket.se\/index.php?rest_route=%2Fwp%2Fv2%2Fproduct_cat&post=935"},{"taxonomy":"product_tag","embeddable":true,"href":"https:\/\/www.trumhaket.se\/index.php?rest_route=%2Fwp%2Fv2%2Fproduct_tag&post=935"}],"curies":[{"name":"wp","href":"https:\/\/api.w.org\/{rel}","templated":true}]}}