{"id":2375,"date":"2025-11-05T15:01:45","date_gmt":"2025-11-05T14:01:45","guid":{"rendered":"https:\/\/www.trumhaket.se\/?product=yamaha-tour-custom-10-12-16-22-21990kr"},"modified":"2025-11-05T15:02:09","modified_gmt":"2025-11-05T14:02:09","slug":"yamaha-tour-custom-10-12-16-22-21990kr","status":"publish","type":"product","link":"https:\/\/www.trumhaket.se\/?product=yamaha-tour-custom-10-12-16-22-21990kr","title":{"rendered":"Yamaha Tour Custom 10, 12, 16, 22\u201d 21990kr"},"content":{"rendered":"<p>Nytt, Yamaha Tour Custom!<\/p>\n<p>Finish: Caramel Satin<\/p>\n<p>10\u201dx7\u201d, 12\u201dx8\u201d, 16\u201dx15\u201d, 22\u201dx16\u201d<\/p>\n<p>Matchande 14\u201dx6,5\u201d virveltrumma<\/p>\n<p>Rena l\u00f6nnstommar. Otroligt fina trummor!<\/p>\n<p>Ett high-end kit under 25000kr!<\/p>\n<p>Pris: 21990kr f\u00f6r Shellpack. 3990kr f\u00f6r virvel.<\/p>\n<p>Vi \u00e4r auktoriserade Yamaha dealers och \u00e4r hj\u00e4lper dig g\u00e4rna med allt g\u00e4llande Yamaha Druns!<\/p>\n","protected":false},"excerpt":{"rendered":"<p>21990kr<\/p>\n","protected":false},"featured_media":2373,"comment_status":"open","ping_status":"closed","template":"","meta":{"_kadence_starter_templates_imported_post":false,"_kad_post_transparent":"","_kad_post_title":"","_kad_post_layout":"","_kad_post_sidebar_id":"","_kad_post_content_style":"","_kad_post_vertical_padding":"","_kad_post_feature":"","_kad_post_feature_position":"","_kad_post_header":false,"_kad_post_footer":false,"_kad_post_classname":""},"product_brand":[],"product_cat":[18,31,53],"product_tag":[],"class_list":{"0":"post-2375","1":"product","2":"type-product","3":"status-publish","4":"has-post-thumbnail","6":"product_cat-alla-produkter","7":"product_cat-nya-trumset","8":"product_cat-nyinkommet","10":"first","11":"instock","12":"virtual","13":"product-type-simple","14":"entry","15":"content-bg","16":"loop-entry"},"_links":{"self":[{"href":"https:\/\/www.trumhaket.se\/index.php?rest_route=\/wp\/v2\/product\/2375","targetHints":{"allow":["GET"]}}],"collection":[{"href":"https:\/\/www.trumhaket.se\/index.php?rest_route=\/wp\/v2\/product"}],"about":[{"href":"https:\/\/www.trumhaket.se\/index.php?rest_route=\/wp\/v2\/types\/product"}],"replies":[{"embeddable":true,"href":"https:\/\/www.trumhaket.se\/index.php?rest_route=%2Fwp%2Fv2%2Fcomments&post=2375"}],"wp:featuredmedia":[{"embeddable":true,"href":"https:\/\/www.trumhaket.se\/index.php?rest_route=\/wp\/v2\/media\/2373"}],"wp:attachment":[{"href":"https:\/\/www.trumhaket.se\/index.php?rest_route=%2Fwp%2Fv2%2Fmedia&parent=2375"}],"wp:term":[{"taxonomy":"product_brand","embeddable":true,"href":"https:\/\/www.trumhaket.se\/index.php?rest_route=%2Fwp%2Fv2%2Fproduct_brand&post=2375"},{"taxonomy":"product_cat","embeddable":true,"href":"https:\/\/www.trumhaket.se\/index.php?rest_route=%2Fwp%2Fv2%2Fproduct_cat&post=2375"},{"taxonomy":"product_tag","embeddable":true,"href":"https:\/\/www.trumhaket.se\/index.php?rest_route=%2Fwp%2Fv2%2Fproduct_tag&post=2375"}],"curies":[{"name":"wp","href":"https:\/\/api.w.org\/{rel}","templated":true}]}}