{"id":2078,"date":"2025-09-17T14:59:21","date_gmt":"2025-09-17T12:59:21","guid":{"rendered":"https:\/\/www.trumhaket.se\/?product=yamaha-digitalset-hela-sortimentet"},"modified":"2025-09-17T14:59:41","modified_gmt":"2025-09-17T12:59:41","slug":"yamaha-digitalset-hela-sortimentet","status":"publish","type":"product","link":"https:\/\/www.trumhaket.se\/?product=yamaha-digitalset-hela-sortimentet","title":{"rendered":"Yamaha Digitalset. Hela sortimentet!"},"content":{"rendered":"<p>Vi s\u00e4ljer hela Yamaha&#8217;s sortiment av digitaltrummor och tillbeh\u00f6r. V\u00e4lkommen med din order\/offert.<\/p>\n","protected":false},"excerpt":{"rendered":"<p>Vi s\u00e4ljer hela Yamaha&#8217;s sortiment av digitaltrummor och tillbeh\u00f6r. V\u00e4lkommen med din order\/offert.<\/p>\n","protected":false},"featured_media":2077,"comment_status":"open","ping_status":"closed","template":"","meta":{"_kadence_starter_templates_imported_post":false,"_kad_post_transparent":"","_kad_post_title":"","_kad_post_layout":"","_kad_post_sidebar_id":"","_kad_post_content_style":"","_kad_post_vertical_padding":"","_kad_post_feature":"","_kad_post_feature_position":"","_kad_post_header":false,"_kad_post_footer":false,"_kad_post_classname":""},"product_brand":[],"product_cat":[18,55],"product_tag":[],"class_list":{"0":"post-2078","1":"product","2":"type-product","3":"status-publish","4":"has-post-thumbnail","6":"product_cat-alla-produkter","7":"product_cat-e-drums","9":"first","10":"instock","11":"virtual","12":"product-type-simple","13":"entry","14":"content-bg","15":"loop-entry"},"_links":{"self":[{"href":"https:\/\/www.trumhaket.se\/index.php?rest_route=\/wp\/v2\/product\/2078","targetHints":{"allow":["GET"]}}],"collection":[{"href":"https:\/\/www.trumhaket.se\/index.php?rest_route=\/wp\/v2\/product"}],"about":[{"href":"https:\/\/www.trumhaket.se\/index.php?rest_route=\/wp\/v2\/types\/product"}],"replies":[{"embeddable":true,"href":"https:\/\/www.trumhaket.se\/index.php?rest_route=%2Fwp%2Fv2%2Fcomments&post=2078"}],"wp:featuredmedia":[{"embeddable":true,"href":"https:\/\/www.trumhaket.se\/index.php?rest_route=\/wp\/v2\/media\/2077"}],"wp:attachment":[{"href":"https:\/\/www.trumhaket.se\/index.php?rest_route=%2Fwp%2Fv2%2Fmedia&parent=2078"}],"wp:term":[{"taxonomy":"product_brand","embeddable":true,"href":"https:\/\/www.trumhaket.se\/index.php?rest_route=%2Fwp%2Fv2%2Fproduct_brand&post=2078"},{"taxonomy":"product_cat","embeddable":true,"href":"https:\/\/www.trumhaket.se\/index.php?rest_route=%2Fwp%2Fv2%2Fproduct_cat&post=2078"},{"taxonomy":"product_tag","embeddable":true,"href":"https:\/\/www.trumhaket.se\/index.php?rest_route=%2Fwp%2Fv2%2Fproduct_tag&post=2078"}],"curies":[{"name":"wp","href":"https:\/\/api.w.org\/{rel}","templated":true}]}}