{"id":1805,"date":"2025-07-24T20:50:19","date_gmt":"2025-07-24T18:50:19","guid":{"rendered":"https:\/\/www.trumhaket.se\/?product=sonor-lite-scandinavian-birch-10121520-24890kr"},"modified":"2025-10-25T10:15:02","modified_gmt":"2025-10-25T08:15:02","slug":"sonor-lite-scandinavian-birch-10121520-24890kr","status":"publish","type":"product","link":"https:\/\/www.trumhaket.se\/?product=sonor-lite-scandinavian-birch-10121520-24890kr","title":{"rendered":"Sonor Lite Scandinavian Birch 10,12,15,20\u201d 24890kr"},"content":{"rendered":"<p>Beg, Sonor Lite Scandinavian Birch finish.<\/p>\n<p>Sizes:<\/p>\n<p>20&#215;16\u201d<\/p>\n<p>10&#215;9\u201d<\/p>\n<p>12&#215;10\u201d<\/p>\n<p>15&#215;16\u201d<\/p>\n<p>Kanske det finaste som n\u00e5gonsin l\u00e4mnat bandet i Bad Berleburg, Tyskland?<\/p>\n<p>Tunna fina bj\u00f6rkstommar med b\u00e5de in och utsida i masurbj\u00f6rk. Galet l\u00e4ckert!<\/p>\n<p>J\u00e4tte, j\u00e4ttefint skick! P\u00e5 bild med en Prolite Vintage Maple snare, som s\u00e4ljs separat.<\/p>\n<p>Vi tar ditt gamla kit i inbyte.<\/p>\n<p>Pris: 24890kr<\/p>\n","protected":false},"excerpt":{"rendered":"<p>24890kr<\/p>\n","protected":false},"featured_media":1801,"comment_status":"open","ping_status":"closed","template":"","meta":{"_kadence_starter_templates_imported_post":false,"_kad_post_transparent":"","_kad_post_title":"","_kad_post_layout":"","_kad_post_sidebar_id":"","_kad_post_content_style":"","_kad_post_vertical_padding":"","_kad_post_feature":"","_kad_post_feature_position":"","_kad_post_header":false,"_kad_post_footer":false,"_kad_post_classname":""},"product_brand":[],"product_cat":[18,22],"product_tag":[],"class_list":{"0":"post-1805","1":"product","2":"type-product","3":"status-publish","4":"has-post-thumbnail","6":"product_cat-alla-produkter","7":"product_cat-beg-trumset","9":"first","10":"instock","11":"virtual","12":"product-type-simple","13":"entry","14":"content-bg","15":"loop-entry"},"_links":{"self":[{"href":"https:\/\/www.trumhaket.se\/index.php?rest_route=\/wp\/v2\/product\/1805","targetHints":{"allow":["GET"]}}],"collection":[{"href":"https:\/\/www.trumhaket.se\/index.php?rest_route=\/wp\/v2\/product"}],"about":[{"href":"https:\/\/www.trumhaket.se\/index.php?rest_route=\/wp\/v2\/types\/product"}],"replies":[{"embeddable":true,"href":"https:\/\/www.trumhaket.se\/index.php?rest_route=%2Fwp%2Fv2%2Fcomments&post=1805"}],"wp:featuredmedia":[{"embeddable":true,"href":"https:\/\/www.trumhaket.se\/index.php?rest_route=\/wp\/v2\/media\/1801"}],"wp:attachment":[{"href":"https:\/\/www.trumhaket.se\/index.php?rest_route=%2Fwp%2Fv2%2Fmedia&parent=1805"}],"wp:term":[{"taxonomy":"product_brand","embeddable":true,"href":"https:\/\/www.trumhaket.se\/index.php?rest_route=%2Fwp%2Fv2%2Fproduct_brand&post=1805"},{"taxonomy":"product_cat","embeddable":true,"href":"https:\/\/www.trumhaket.se\/index.php?rest_route=%2Fwp%2Fv2%2Fproduct_cat&post=1805"},{"taxonomy":"product_tag","embeddable":true,"href":"https:\/\/www.trumhaket.se\/index.php?rest_route=%2Fwp%2Fv2%2Fproduct_tag&post=1805"}],"curies":[{"name":"wp","href":"https:\/\/api.w.org\/{rel}","templated":true}]}}