{"id":1251,"date":"2025-05-27T21:36:08","date_gmt":"2025-05-27T19:36:08","guid":{"rendered":"https:\/\/www.trumhaket.se\/?product=mapex-black-panther-14x55-maple"},"modified":"2025-06-02T09:13:59","modified_gmt":"2025-06-02T07:13:59","slug":"mapex-black-panther-14x55-maple","status":"publish","type":"product","link":"https:\/\/www.trumhaket.se\/?product=mapex-black-panther-14x55-maple","title":{"rendered":"Mapex Black Panther 14\u201dx5,5\u201d Maple 2390kr"},"content":{"rendered":"<p>Svart l\u00f6nnstomme med gold fittings. Snygg! L\u00e5ter fint ocks\u00e5.<\/p>\n","protected":false},"excerpt":{"rendered":"<p>2390kr<\/p>\n","protected":false},"featured_media":1250,"comment_status":"open","ping_status":"closed","template":"","meta":{"_kadence_starter_templates_imported_post":false,"_kad_post_transparent":"","_kad_post_title":"","_kad_post_layout":"","_kad_post_sidebar_id":"","_kad_post_content_style":"","_kad_post_vertical_padding":"","_kad_post_feature":"","_kad_post_feature_position":"","_kad_post_header":false,"_kad_post_footer":false,"_kad_post_classname":""},"product_brand":[],"product_cat":[18,33],"product_tag":[],"class_list":{"0":"post-1251","1":"product","2":"type-product","3":"status-publish","4":"has-post-thumbnail","6":"product_cat-alla-produkter","7":"product_cat-beg-virveltrummor","9":"first","10":"instock","11":"virtual","12":"product-type-simple","13":"entry","14":"content-bg","15":"loop-entry"},"_links":{"self":[{"href":"https:\/\/www.trumhaket.se\/index.php?rest_route=\/wp\/v2\/product\/1251","targetHints":{"allow":["GET"]}}],"collection":[{"href":"https:\/\/www.trumhaket.se\/index.php?rest_route=\/wp\/v2\/product"}],"about":[{"href":"https:\/\/www.trumhaket.se\/index.php?rest_route=\/wp\/v2\/types\/product"}],"replies":[{"embeddable":true,"href":"https:\/\/www.trumhaket.se\/index.php?rest_route=%2Fwp%2Fv2%2Fcomments&post=1251"}],"wp:featuredmedia":[{"embeddable":true,"href":"https:\/\/www.trumhaket.se\/index.php?rest_route=\/wp\/v2\/media\/1250"}],"wp:attachment":[{"href":"https:\/\/www.trumhaket.se\/index.php?rest_route=%2Fwp%2Fv2%2Fmedia&parent=1251"}],"wp:term":[{"taxonomy":"product_brand","embeddable":true,"href":"https:\/\/www.trumhaket.se\/index.php?rest_route=%2Fwp%2Fv2%2Fproduct_brand&post=1251"},{"taxonomy":"product_cat","embeddable":true,"href":"https:\/\/www.trumhaket.se\/index.php?rest_route=%2Fwp%2Fv2%2Fproduct_cat&post=1251"},{"taxonomy":"product_tag","embeddable":true,"href":"https:\/\/www.trumhaket.se\/index.php?rest_route=%2Fwp%2Fv2%2Fproduct_tag&post=1251"}],"curies":[{"name":"wp","href":"https:\/\/api.w.org\/{rel}","templated":true}]}}